{"id":22,"date":"2021-05-12T17:01:23","date_gmt":"2021-05-12T17:01:23","guid":{"rendered":"http:\/\/abresistkalenborn.ca\/?page_id=22"},"modified":"2021-05-12T18:46:05","modified_gmt":"2021-05-12T18:46:05","slug":"acceuil","status":"publish","type":"page","link":"https:\/\/abresistkalenborn.ca\/","title":{"rendered":""},"content":{"rendered":"\t\t<div data-elementor-type=\"wp-page\" data-elementor-id=\"22\" class=\"elementor elementor-22\" data-elementor-settings=\"[]\">\n\t\t\t\t\t\t\t<div class=\"elementor-section-wrap\">\n\t\t\t\t\t\t\t<section class=\"elementor-section elementor-top-section elementor-element elementor-element-aeb041c elementor-section-boxed elementor-section-height-default elementor-section-height-default\" data-id=\"aeb041c\" data-element_type=\"section\">\n\t\t\t\t\t\t<div class=\"elementor-container elementor-column-gap-default\">\n\t\t\t\t\t<div class=\"elementor-column elementor-col-33 elementor-top-column elementor-element elementor-element-8d97b4a\" data-id=\"8d97b4a\" data-element_type=\"column\">\n\t\t\t<div class=\"elementor-widget-wrap elementor-element-populated\">\n\t\t\t\t\t\t\t\t<div class=\"elementor-element elementor-element-c31f34b elementor-widget elementor-widget-image\" data-id=\"c31f34b\" data-element_type=\"widget\" data-widget_type=\"image.default\">\n\t\t\t\t<div class=\"elementor-widget-container\">\n\t\t\t\t\t\t\t\t\t\t\t\t\t\t\t<img width=\"300\" height=\"300\" src=\"https:\/\/abresistkalenborn.ca\/wp-content\/uploads\/2021\/05\/Logo-high-res-300x300.png\" class=\"attachment-medium size-medium\" alt=\"\" loading=\"lazy\" srcset=\"https:\/\/abresistkalenborn.ca\/wp-content\/uploads\/2021\/05\/Logo-high-res-300x300.png 300w, https:\/\/abresistkalenborn.ca\/wp-content\/uploads\/2021\/05\/Logo-high-res-150x150.png 150w, https:\/\/abresistkalenborn.ca\/wp-content\/uploads\/2021\/05\/Logo-high-res.png 651w\" sizes=\"(max-width: 300px) 100vw, 300px\" \/>\t\t\t\t\t\t\t\t\t\t\t\t\t\t\t<\/div>\n\t\t\t\t<\/div>\n\t\t\t\t\t<\/div>\n\t\t<\/div>\n\t\t\t\t<div class=\"elementor-column elementor-col-66 elementor-top-column elementor-element elementor-element-f6d7f5a\" data-id=\"f6d7f5a\" data-element_type=\"column\">\n\t\t\t<div class=\"elementor-widget-wrap elementor-element-populated\">\n\t\t\t\t\t\t\t\t<div class=\"elementor-element elementor-element-6ea2442 elementor-widget elementor-widget-heading\" data-id=\"6ea2442\" data-element_type=\"widget\" data-widget_type=\"heading.default\">\n\t\t\t\t<div class=\"elementor-widget-container\">\n\t\t\t<h1 class=\"elementor-heading-title elementor-size-xxl\">Kalenborn<\/h1>\t\t<\/div>\n\t\t\t\t<\/div>\n\t\t\t\t\t<\/div>\n\t\t<\/div>\n\t\t\t\t\t\t\t<\/div>\n\t\t<\/section>\n\t\t\t\t<section class=\"elementor-section elementor-top-section elementor-element elementor-element-c6689f3 elementor-section-boxed elementor-section-height-default elementor-section-height-default\" data-id=\"c6689f3\" data-element_type=\"section\">\n\t\t\t\t\t\t<div class=\"elementor-container elementor-column-gap-default\">\n\t\t\t\t\t<div class=\"elementor-column elementor-col-100 elementor-top-column elementor-element elementor-element-3c614eb\" data-id=\"3c614eb\" data-element_type=\"column\">\n\t\t\t<div class=\"elementor-widget-wrap elementor-element-populated\">\n\t\t\t\t\t\t\t\t<div class=\"elementor-element elementor-element-6d7f252 elementor-widget elementor-widget-text-editor\" data-id=\"6d7f252\" data-element_type=\"widget\" data-widget_type=\"text-editor.default\">\n\t\t\t\t<div class=\"elementor-widget-container\">\n\t\t\t\t\t\t\t\t<p><strong>Kalenborn Canada<\/strong>\u00a0se sp\u00e9cialise dans la conception, la fabrication et l&#8217;installation de rev\u00eatements anti usure et anticorrosion. Selon la sp\u00e9cificit\u00e9 des probl\u00e8mes de chaque client, nous offrons des\u00a0<strong>solutions faites sur mesure<\/strong>\u00a0en utilisant des mat\u00e9riaux de rev\u00eatement hautement r\u00e9sistants tels que le basalte, la c\u00e9ramique, le m\u00e9tal ou encore le caoutchouc, l&#8217;\u00e9poxy et le plastique.<\/p><p>Depuis plusieurs ann\u00e9es, notre produit phare \u00e0 base de basalte, le rev\u00eatement\u00a0<a href=\"https:\/\/www.kalenborn.com\/en-us\/products\/wear-protection-materials\/abresist\/\"><em>Abresist<\/em>\u00ae<\/a>, est distribu\u00e9 partout au Canada, aux \u00c9tats-Unis et au Mexique.<\/p><p>Nos rev\u00eatements sont particuli\u00e8rement r\u00e9sistants pour la manutention et le transport en vrac de mati\u00e8res corrosives ou abrasives telles que\u00a0:<\/p><p>\u00b7\u00a0\u00a0\u00a0\u00a0\u00a0 charbon<br \/>\u00b7\u00a0\u00a0\u00a0\u00a0\u00a0 coke<br \/>\u00b7\u00a0\u00a0\u00a0\u00a0\u00a0 engrais<br \/>\u00b7\u00a0\u00a0\u00a0\u00a0\u00a0 fertilisant<br \/>\u00b7\u00a0\u00a0\u00a0\u00a0\u00a0 cendre<br \/>\u00b7\u00a0\u00a0\u00a0\u00a0\u00a0 verre<br \/>\u00b7\u00a0\u00a0\u00a0\u00a0\u00a0 grain<br \/>\u00b7\u00a0\u00a0\u00a0\u00a0\u00a0 calcaire<br \/>\u00b7\u00a0\u00a0\u00a0\u00a0\u00a0 minerai de fer<br \/>\u00b7\u00a0\u00a0\u00a0\u00a0\u00a0 potasse<br \/>\u00b7\u00a0\u00a0\u00a0\u00a0\u00a0 cendre r\u00e9siduelle<br \/>\u00b7\u00a0\u00a0\u00a0\u00a0\u00a0 scorie<br \/>\u00b7\u00a0\u00a0\u00a0\u00a0\u00a0 sable de silice<br \/>\u00b7\u00a0\u00a0\u00a0\u00a0\u00a0 r\u00e9sidus d&#8217;eaux us\u00e9es<br \/>\u00b7\u00a0\u00a0\u00a0\u00a0\u00a0 autres mati\u00e8res abrasives<\/p><p>Quelques exemples d&#8217;industries qui ont consid\u00e9rablement r\u00e9duit leurs co\u00fbts de remplacement et d&#8217;entretien de leurs infrastructures gr\u00e2ce aux rev\u00eatements de Kalenborn :<\/p><p>\u00b7\u00a0\u00a0\u00a0\u00a0\u00a0 Ciment<br \/>\u00b7\u00a0\u00a0\u00a0\u00a0\u00a0 Produits chimiques et composants chimiques<br \/>\u00b7\u00a0\u00a0\u00a0\u00a0\u00a0 Engrais, grains et fertilisants<br \/>\u00b7\u00a0\u00a0\u00a0\u00a0\u00a0 Traitement des eaux us\u00e9es et d&#8217;\u00e9gouts<br \/>\u00b7\u00a0\u00a0\u00a0\u00a0\u00a0 Sid\u00e9rurgie<br \/>\u00b7\u00a0\u00a0\u00a0\u00a0\u00a0 Fonderie<br \/>\u00b7\u00a0\u00a0\u00a0\u00a0\u00a0 Fonte du cuivre et de l&#8217;aluminium<br \/>\u00b7\u00a0\u00a0\u00a0\u00a0\u00a0 Produits en pierre<br \/>\u00b7\u00a0\u00a0\u00a0\u00a0\u00a0 Mines (charbon, cuivre, or, zinc, etc.)<br \/>\u00b7\u00a0\u00a0\u00a0\u00a0\u00a0 Papeti\u00e8re<br \/>\u00b7\u00a0\u00a0\u00a0\u00a0\u00a0 Produits p\u00e9troliers<br \/>\u00b7\u00a0\u00a0\u00a0\u00a0\u00a0 Plastique<\/p>\t\t\t\t\t\t<\/div>\n\t\t\t\t<\/div>\n\t\t\t\t\t<\/div>\n\t\t<\/div>\n\t\t\t\t\t\t\t<\/div>\n\t\t<\/section>\n\t\t\t\t<section class=\"elementor-section elementor-top-section elementor-element elementor-element-ec7061d elementor-section-boxed elementor-section-height-default elementor-section-height-default\" data-id=\"ec7061d\" data-element_type=\"section\">\n\t\t\t\t\t\t<div class=\"elementor-container elementor-column-gap-default\">\n\t\t\t\t\t<div class=\"elementor-column elementor-col-100 elementor-top-column elementor-element elementor-element-868e080\" data-id=\"868e080\" data-element_type=\"column\">\n\t\t\t<div class=\"elementor-widget-wrap elementor-element-populated\">\n\t\t\t\t\t\t\t\t<div class=\"elementor-element elementor-element-091b220 elementor-widget-divider--view-line elementor-widget elementor-widget-divider\" data-id=\"091b220\" data-element_type=\"widget\" data-widget_type=\"divider.default\">\n\t\t\t\t<div class=\"elementor-widget-container\">\n\t\t\t\t\t<div class=\"elementor-divider\">\n\t\t\t<span class=\"elementor-divider-separator\">\n\t\t\t\t\t\t<\/span>\n\t\t<\/div>\n\t\t\t\t<\/div>\n\t\t\t\t<\/div>\n\t\t\t\t\t<\/div>\n\t\t<\/div>\n\t\t\t\t\t\t\t<\/div>\n\t\t<\/section>\n\t\t\t\t\t\t<\/div>\n\t\t\t\t\t<\/div>\n\t\t","protected":false},"excerpt":{"rendered":"<p>Kalenborn Kalenborn Canada\u00a0se sp\u00e9cialise dans la conception, la fabrication et l&#8217;installation de rev\u00eatements anti usure et anticorrosion. Selon la sp\u00e9cificit\u00e9 des probl\u00e8mes de chaque client, nous offrons des\u00a0solutions faites sur mesure\u00a0en utilisant des mat\u00e9riaux de rev\u00eatement hautement r\u00e9sistants tels que le basalte, la c\u00e9ramique, le m\u00e9tal ou encore le caoutchouc, l&#8217;\u00e9poxy et le plastique. Depuis &hellip; <a href=\"https:\/\/abresistkalenborn.ca\/\" class=\"more-link\">Continue reading <span class=\"screen-reader-text\"><\/span><\/a><\/p>\n","protected":false},"author":1,"featured_media":0,"parent":0,"menu_order":0,"comment_status":"closed","ping_status":"closed","template":"","meta":[],"_links":{"self":[{"href":"https:\/\/abresistkalenborn.ca\/index.php\/wp-json\/wp\/v2\/pages\/22"}],"collection":[{"href":"https:\/\/abresistkalenborn.ca\/index.php\/wp-json\/wp\/v2\/pages"}],"about":[{"href":"https:\/\/abresistkalenborn.ca\/index.php\/wp-json\/wp\/v2\/types\/page"}],"author":[{"embeddable":true,"href":"https:\/\/abresistkalenborn.ca\/index.php\/wp-json\/wp\/v2\/users\/1"}],"replies":[{"embeddable":true,"href":"https:\/\/abresistkalenborn.ca\/index.php\/wp-json\/wp\/v2\/comments?post=22"}],"version-history":[{"count":36,"href":"https:\/\/abresistkalenborn.ca\/index.php\/wp-json\/wp\/v2\/pages\/22\/revisions"}],"predecessor-version":[{"id":109,"href":"https:\/\/abresistkalenborn.ca\/index.php\/wp-json\/wp\/v2\/pages\/22\/revisions\/109"}],"wp:attachment":[{"href":"https:\/\/abresistkalenborn.ca\/index.php\/wp-json\/wp\/v2\/media?parent=22"}],"curies":[{"name":"wp","href":"https:\/\/api.w.org\/{rel}","templated":true}]}}